{"id":322,"date":"2023-12-22T16:30:26","date_gmt":"2023-12-22T16:30:26","guid":{"rendered":"http:\/\/localhost\/sofraeariut\/?page_id=322"},"modified":"2024-05-03T11:49:38","modified_gmt":"2024-05-03T11:49:38","slug":"privacy-policy","status":"publish","type":"page","link":"https:\/\/sofraeariut.com\/en\/privacy-policy\/","title":{"rendered":"Privacy Policy"},"content":{"rendered":"","protected":false},"excerpt":{"rendered":"","protected":false},"author":1,"featured_media":0,"parent":0,"menu_order":0,"comment_status":"closed","ping_status":"closed","template":"pages\/privacy-policy.php","meta":{"footnotes":""},"class_list":["post-322","page","type-page","status-publish","hentry"],"yoast_head":"<!-- This site is optimized with the Yoast SEO plugin v25.2 - https:\/\/yoast.com\/wordpress\/plugins\/seo\/ -->\n<title>Privacy Policy - Sofra E Ariut<\/title>\n<meta name=\"description\" content=\"Sofra E Ariut - Politika e Privat\u00ebsis\u00eb &amp; Cookies - Ky njoftim privat\u00ebsie p\u00ebr ne, p\u00ebrshkruan se si dhe pse ne mund t\u00eb mbledhim, ruajm\u00eb, p\u00ebrdorim dhe\/ose ndajm\u00eb (&quot;p\u00ebrpunojm\u00eb&quot;) informacionin tuaj kur p\u00ebrdorni sh\u00ebrbimet tona, si p.sh. kur: Vizitoni faqen ton\u00eb t\u00eb internetit n\u00eb sofraeariut.al, ose \u00e7do faqe interneti ton\u00ebn q\u00eb lidhet me k\u00ebt\u00eb njoftim privat\u00ebsie Angazhohuni me ne n\u00eb m\u00ebnyra t\u00eb tjera t\u00eb lidhura, duke p\u00ebrfshir\u00eb \u00e7do shitje, marketing ose ngjarje  Pyetje apo shqet\u00ebsime?  Leximi i k\u00ebtij njoftimi t\u00eb privat\u00ebsis\u00eb do t&#039;ju ndihmoj\u00eb t\u00eb kuptoni t\u00eb drejtat dhe zgjedhjet tuaja t\u00eb privat\u00ebsis\u00eb. N\u00ebse nuk jeni dakord me politikat dhe praktikat tona, ju lutemi mos p\u00ebrdorni Sh\u00ebrbimet tona.\" \/>\n<meta name=\"robots\" content=\"index, follow, max-snippet:-1, max-image-preview:large, max-video-preview:-1\" \/>\n<link rel=\"canonical\" href=\"https:\/\/sofraeariut.com\/en\/privacy-policy\/\" \/>\n<meta property=\"og:locale\" content=\"en_US\" \/>\n<meta property=\"og:type\" content=\"article\" \/>\n<meta property=\"og:title\" content=\"Privacy Policy - Sofra E Ariut\" \/>\n<meta property=\"og:description\" content=\"Sofra E Ariut - Politika e Privat\u00ebsis\u00eb &amp; Cookies - Ky njoftim privat\u00ebsie p\u00ebr ne, p\u00ebrshkruan se si dhe pse ne mund t\u00eb mbledhim, ruajm\u00eb, p\u00ebrdorim dhe\/ose ndajm\u00eb (&quot;p\u00ebrpunojm\u00eb&quot;) informacionin tuaj kur p\u00ebrdorni sh\u00ebrbimet tona, si p.sh. kur: Vizitoni faqen ton\u00eb t\u00eb internetit n\u00eb sofraeariut.al, ose \u00e7do faqe interneti ton\u00ebn q\u00eb lidhet me k\u00ebt\u00eb njoftim privat\u00ebsie Angazhohuni me ne n\u00eb m\u00ebnyra t\u00eb tjera t\u00eb lidhura, duke p\u00ebrfshir\u00eb \u00e7do shitje, marketing ose ngjarje  Pyetje apo shqet\u00ebsime?  Leximi i k\u00ebtij njoftimi t\u00eb privat\u00ebsis\u00eb do t&#039;ju ndihmoj\u00eb t\u00eb kuptoni t\u00eb drejtat dhe zgjedhjet tuaja t\u00eb privat\u00ebsis\u00eb. N\u00ebse nuk jeni dakord me politikat dhe praktikat tona, ju lutemi mos p\u00ebrdorni Sh\u00ebrbimet tona.\" \/>\n<meta property=\"og:url\" content=\"https:\/\/sofraeariut.com\/en\/privacy-policy\/\" \/>\n<meta property=\"og:site_name\" content=\"Sofra E Ariut\" \/>\n<meta property=\"article:modified_time\" content=\"2024-05-03T11:49:38+00:00\" \/>\n<meta name=\"twitter:card\" content=\"summary_large_image\" \/>\n<script type=\"application\/ld+json\" class=\"yoast-schema-graph\">{\"@context\":\"https:\/\/schema.org\",\"@graph\":[{\"@type\":\"WebPage\",\"@id\":\"https:\/\/sofraeariut.com\/privacy-policy\/\",\"url\":\"https:\/\/sofraeariut.com\/privacy-policy\/\",\"name\":\"Privacy Policy - Sofra E Ariut\",\"isPartOf\":{\"@id\":\"https:\/\/sofraeariut.com\/#website\"},\"datePublished\":\"2023-12-22T16:30:26+00:00\",\"dateModified\":\"2024-05-03T11:49:38+00:00\",\"description\":\"Sofra E Ariut - Politika e Privat\u00ebsis\u00eb & Cookies - Ky njoftim privat\u00ebsie p\u00ebr ne, p\u00ebrshkruan se si dhe pse ne mund t\u00eb mbledhim, ruajm\u00eb, p\u00ebrdorim dhe\/ose ndajm\u00eb (\\\"p\u00ebrpunojm\u00eb\\\") informacionin tuaj kur p\u00ebrdorni sh\u00ebrbimet tona, si p.sh. kur: Vizitoni faqen ton\u00eb t\u00eb internetit n\u00eb sofraeariut.al, ose \u00e7do faqe interneti ton\u00ebn q\u00eb lidhet me k\u00ebt\u00eb njoftim privat\u00ebsie Angazhohuni me ne n\u00eb m\u00ebnyra t\u00eb tjera t\u00eb lidhura, duke p\u00ebrfshir\u00eb \u00e7do shitje, marketing ose ngjarje Pyetje apo shqet\u00ebsime? Leximi i k\u00ebtij njoftimi t\u00eb privat\u00ebsis\u00eb do t'ju ndihmoj\u00eb t\u00eb kuptoni t\u00eb drejtat dhe zgjedhjet tuaja t\u00eb privat\u00ebsis\u00eb. N\u00ebse nuk jeni dakord me politikat dhe praktikat tona, ju lutemi mos p\u00ebrdorni Sh\u00ebrbimet tona.\",\"breadcrumb\":{\"@id\":\"https:\/\/sofraeariut.com\/privacy-policy\/#breadcrumb\"},\"inLanguage\":\"en-US\",\"potentialAction\":[{\"@type\":\"ReadAction\",\"target\":[\"https:\/\/sofraeariut.com\/privacy-policy\/\"]}]},{\"@type\":\"BreadcrumbList\",\"@id\":\"https:\/\/sofraeariut.com\/privacy-policy\/#breadcrumb\",\"itemListElement\":[{\"@type\":\"ListItem\",\"position\":1,\"name\":\"Home\",\"item\":\"https:\/\/sofraeariut.com\/\"},{\"@type\":\"ListItem\",\"position\":2,\"name\":\"Privacy Policy\"}]},{\"@type\":\"WebSite\",\"@id\":\"https:\/\/sofraeariut.com\/#website\",\"url\":\"https:\/\/sofraeariut.com\/\",\"name\":\"Sofra E Ariut\",\"description\":\"\",\"alternateName\":\"sofra e ariut\",\"potentialAction\":[{\"@type\":\"SearchAction\",\"target\":{\"@type\":\"EntryPoint\",\"urlTemplate\":\"https:\/\/sofraeariut.com\/?s={search_term_string}\"},\"query-input\":{\"@type\":\"PropertyValueSpecification\",\"valueRequired\":true,\"valueName\":\"search_term_string\"}}],\"inLanguage\":\"en-US\"}]}<\/script>\n<!-- \/ Yoast SEO plugin. -->","yoast_head_json":{"title":"Privacy Policy - Sofra E Ariut","description":"Sofra E Ariut - Politika e Privat\u00ebsis\u00eb & Cookies - Ky njoftim privat\u00ebsie p\u00ebr ne, p\u00ebrshkruan se si dhe pse ne mund t\u00eb mbledhim, ruajm\u00eb, p\u00ebrdorim dhe\/ose ndajm\u00eb (\"p\u00ebrpunojm\u00eb\") informacionin tuaj kur p\u00ebrdorni sh\u00ebrbimet tona, si p.sh. kur: Vizitoni faqen ton\u00eb t\u00eb internetit n\u00eb sofraeariut.al, ose \u00e7do faqe interneti ton\u00ebn q\u00eb lidhet me k\u00ebt\u00eb njoftim privat\u00ebsie Angazhohuni me ne n\u00eb m\u00ebnyra t\u00eb tjera t\u00eb lidhura, duke p\u00ebrfshir\u00eb \u00e7do shitje, marketing ose ngjarje  Pyetje apo shqet\u00ebsime?  Leximi i k\u00ebtij njoftimi t\u00eb privat\u00ebsis\u00eb do t'ju ndihmoj\u00eb t\u00eb kuptoni t\u00eb drejtat dhe zgjedhjet tuaja t\u00eb privat\u00ebsis\u00eb. N\u00ebse nuk jeni dakord me politikat dhe praktikat tona, ju lutemi mos p\u00ebrdorni Sh\u00ebrbimet tona.","robots":{"index":"index","follow":"follow","max-snippet":"max-snippet:-1","max-image-preview":"max-image-preview:large","max-video-preview":"max-video-preview:-1"},"canonical":"https:\/\/sofraeariut.com\/en\/privacy-policy\/","og_locale":"en_US","og_type":"article","og_title":"Privacy Policy - Sofra E Ariut","og_description":"Sofra E Ariut - Politika e Privat\u00ebsis\u00eb & Cookies - Ky njoftim privat\u00ebsie p\u00ebr ne, p\u00ebrshkruan se si dhe pse ne mund t\u00eb mbledhim, ruajm\u00eb, p\u00ebrdorim dhe\/ose ndajm\u00eb (\"p\u00ebrpunojm\u00eb\") informacionin tuaj kur p\u00ebrdorni sh\u00ebrbimet tona, si p.sh. kur: Vizitoni faqen ton\u00eb t\u00eb internetit n\u00eb sofraeariut.al, ose \u00e7do faqe interneti ton\u00ebn q\u00eb lidhet me k\u00ebt\u00eb njoftim privat\u00ebsie Angazhohuni me ne n\u00eb m\u00ebnyra t\u00eb tjera t\u00eb lidhura, duke p\u00ebrfshir\u00eb \u00e7do shitje, marketing ose ngjarje  Pyetje apo shqet\u00ebsime?  Leximi i k\u00ebtij njoftimi t\u00eb privat\u00ebsis\u00eb do t'ju ndihmoj\u00eb t\u00eb kuptoni t\u00eb drejtat dhe zgjedhjet tuaja t\u00eb privat\u00ebsis\u00eb. N\u00ebse nuk jeni dakord me politikat dhe praktikat tona, ju lutemi mos p\u00ebrdorni Sh\u00ebrbimet tona.","og_url":"https:\/\/sofraeariut.com\/en\/privacy-policy\/","og_site_name":"Sofra E Ariut","article_modified_time":"2024-05-03T11:49:38+00:00","twitter_card":"summary_large_image","schema":{"@context":"https:\/\/schema.org","@graph":[{"@type":"WebPage","@id":"https:\/\/sofraeariut.com\/privacy-policy\/","url":"https:\/\/sofraeariut.com\/privacy-policy\/","name":"Privacy Policy - Sofra E Ariut","isPartOf":{"@id":"https:\/\/sofraeariut.com\/#website"},"datePublished":"2023-12-22T16:30:26+00:00","dateModified":"2024-05-03T11:49:38+00:00","description":"Sofra E Ariut - Politika e Privat\u00ebsis\u00eb & Cookies - Ky njoftim privat\u00ebsie p\u00ebr ne, p\u00ebrshkruan se si dhe pse ne mund t\u00eb mbledhim, ruajm\u00eb, p\u00ebrdorim dhe\/ose ndajm\u00eb (\"p\u00ebrpunojm\u00eb\") informacionin tuaj kur p\u00ebrdorni sh\u00ebrbimet tona, si p.sh. kur: Vizitoni faqen ton\u00eb t\u00eb internetit n\u00eb sofraeariut.al, ose \u00e7do faqe interneti ton\u00ebn q\u00eb lidhet me k\u00ebt\u00eb njoftim privat\u00ebsie Angazhohuni me ne n\u00eb m\u00ebnyra t\u00eb tjera t\u00eb lidhura, duke p\u00ebrfshir\u00eb \u00e7do shitje, marketing ose ngjarje Pyetje apo shqet\u00ebsime? Leximi i k\u00ebtij njoftimi t\u00eb privat\u00ebsis\u00eb do t'ju ndihmoj\u00eb t\u00eb kuptoni t\u00eb drejtat dhe zgjedhjet tuaja t\u00eb privat\u00ebsis\u00eb. N\u00ebse nuk jeni dakord me politikat dhe praktikat tona, ju lutemi mos p\u00ebrdorni Sh\u00ebrbimet tona.","breadcrumb":{"@id":"https:\/\/sofraeariut.com\/privacy-policy\/#breadcrumb"},"inLanguage":"en-US","potentialAction":[{"@type":"ReadAction","target":["https:\/\/sofraeariut.com\/privacy-policy\/"]}]},{"@type":"BreadcrumbList","@id":"https:\/\/sofraeariut.com\/privacy-policy\/#breadcrumb","itemListElement":[{"@type":"ListItem","position":1,"name":"Home","item":"https:\/\/sofraeariut.com\/"},{"@type":"ListItem","position":2,"name":"Privacy Policy"}]},{"@type":"WebSite","@id":"https:\/\/sofraeariut.com\/#website","url":"https:\/\/sofraeariut.com\/","name":"Sofra E Ariut","description":"","alternateName":"sofra e ariut","potentialAction":[{"@type":"SearchAction","target":{"@type":"EntryPoint","urlTemplate":"https:\/\/sofraeariut.com\/?s={search_term_string}"},"query-input":{"@type":"PropertyValueSpecification","valueRequired":true,"valueName":"search_term_string"}}],"inLanguage":"en-US"}]}},"_links":{"self":[{"href":"https:\/\/sofraeariut.com\/en\/wp-json\/wp\/v2\/pages\/322","targetHints":{"allow":["GET"]}}],"collection":[{"href":"https:\/\/sofraeariut.com\/en\/wp-json\/wp\/v2\/pages"}],"about":[{"href":"https:\/\/sofraeariut.com\/en\/wp-json\/wp\/v2\/types\/page"}],"author":[{"embeddable":true,"href":"https:\/\/sofraeariut.com\/en\/wp-json\/wp\/v2\/users\/1"}],"replies":[{"embeddable":true,"href":"https:\/\/sofraeariut.com\/en\/wp-json\/wp\/v2\/comments?post=322"}],"version-history":[{"count":7,"href":"https:\/\/sofraeariut.com\/en\/wp-json\/wp\/v2\/pages\/322\/revisions"}],"predecessor-version":[{"id":472,"href":"https:\/\/sofraeariut.com\/en\/wp-json\/wp\/v2\/pages\/322\/revisions\/472"}],"wp:attachment":[{"href":"https:\/\/sofraeariut.com\/en\/wp-json\/wp\/v2\/media?parent=322"}],"curies":[{"name":"wp","href":"https:\/\/api.w.org\/{rel}","templated":true}]}}