{"id":60,"date":"2023-12-15T14:17:54","date_gmt":"2023-12-15T14:17:54","guid":{"rendered":"http:\/\/localhost\/sofraeariut\/?page_id=60"},"modified":"2024-05-20T10:24:58","modified_gmt":"2024-05-20T10:24:58","slug":"our-place","status":"publish","type":"page","link":"https:\/\/sofraeariut.com\/en\/our-place\/","title":{"rendered":"Our Place"},"content":{"rendered":"","protected":false},"excerpt":{"rendered":"","protected":false},"author":1,"featured_media":0,"parent":0,"menu_order":0,"comment_status":"closed","ping_status":"closed","template":"pages\/our-place.php","meta":{"footnotes":""},"class_list":["post-60","page","type-page","status-publish","hentry"],"yoast_head":"<!-- This site is optimized with the Yoast SEO plugin v25.2 - https:\/\/yoast.com\/wordpress\/plugins\/seo\/ -->\n<title>Our Place - Sofra E Ariut<\/title>\n<meta name=\"description\" content=\"Sofra E Ariut - Trash\u00ebgimia kulturore, tradita dhe lidhja e thell\u00eb me tok\u00ebn, jan\u00eb ato q\u00eb e karakterizojn\u00eb sofr\u00ebn shqiptare. P\u00ebrgatitja e gatimeve \u00ebsht\u00eb nj\u00eb rit i ngroht\u00eb, ku tradita nd\u00ebrthuret me risit\u00eb e modernes, duke sjell\u00eb cil\u00ebsi e shije n\u00eb pjat\u00ebn tuaj. P\u00ebr ne, ushqimi \u00ebsht\u00eb nj\u00eb m\u00ebnyr\u00eb p\u00ebr t\u00eb shprehur dashurin\u00eb dhe kujdesin p\u00ebr t\u00eb tjer\u00ebt, dhe n\u00eb tavolin\u00ebn e shtruar, \u00e7do vakt b\u00ebhet nj\u00eb ceremoni e lumturis\u00eb dhe shfaqje e mikpritjes shqiptare.  Me date 1 Nentor 2021 Sofra e Ariut dhe dy restorantet krah saj u b\u00ebn\u00eb pjes\u00eb e &quot;Bami Holding\u201d. Me vizionin p\u00ebr nd\u00ebrtimin e nj\u00eb kompleksi restorantesh, ku antikiteti me t\u00eb tashmen t\u00eb b\u00ebhen nj\u00eb, p\u00ebr t\u00eb sjelle tek familja jone e madhe shqipetaret e te gjithe trojeve dhe miq nga e gjithe bota. Hijerende dhe Krenare, me dyert e saj gjithmone te hapura do ju mireprese, ushimi, ngrohtesia e oxhakut, vera e destiluar dhe sherbimi fisnik qe meriton nje sofer e shtruar.\" \/>\n<meta name=\"robots\" content=\"index, follow, max-snippet:-1, max-image-preview:large, max-video-preview:-1\" \/>\n<link rel=\"canonical\" href=\"https:\/\/sofraeariut.com\/en\/our-place\/\" \/>\n<meta property=\"og:locale\" content=\"en_US\" \/>\n<meta property=\"og:type\" content=\"article\" \/>\n<meta property=\"og:title\" content=\"Our Place - Sofra E Ariut\" \/>\n<meta property=\"og:description\" content=\"Sofra E Ariut - Trash\u00ebgimia kulturore, tradita dhe lidhja e thell\u00eb me tok\u00ebn, jan\u00eb ato q\u00eb e karakterizojn\u00eb sofr\u00ebn shqiptare. P\u00ebrgatitja e gatimeve \u00ebsht\u00eb nj\u00eb rit i ngroht\u00eb, ku tradita nd\u00ebrthuret me risit\u00eb e modernes, duke sjell\u00eb cil\u00ebsi e shije n\u00eb pjat\u00ebn tuaj. P\u00ebr ne, ushqimi \u00ebsht\u00eb nj\u00eb m\u00ebnyr\u00eb p\u00ebr t\u00eb shprehur dashurin\u00eb dhe kujdesin p\u00ebr t\u00eb tjer\u00ebt, dhe n\u00eb tavolin\u00ebn e shtruar, \u00e7do vakt b\u00ebhet nj\u00eb ceremoni e lumturis\u00eb dhe shfaqje e mikpritjes shqiptare.  Me date 1 Nentor 2021 Sofra e Ariut dhe dy restorantet krah saj u b\u00ebn\u00eb pjes\u00eb e &quot;Bami Holding\u201d. Me vizionin p\u00ebr nd\u00ebrtimin e nj\u00eb kompleksi restorantesh, ku antikiteti me t\u00eb tashmen t\u00eb b\u00ebhen nj\u00eb, p\u00ebr t\u00eb sjelle tek familja jone e madhe shqipetaret e te gjithe trojeve dhe miq nga e gjithe bota. Hijerende dhe Krenare, me dyert e saj gjithmone te hapura do ju mireprese, ushimi, ngrohtesia e oxhakut, vera e destiluar dhe sherbimi fisnik qe meriton nje sofer e shtruar.\" \/>\n<meta property=\"og:url\" content=\"https:\/\/sofraeariut.com\/en\/our-place\/\" \/>\n<meta property=\"og:site_name\" content=\"Sofra E Ariut\" \/>\n<meta property=\"article:modified_time\" content=\"2024-05-20T10:24:58+00:00\" \/>\n<meta name=\"twitter:card\" content=\"summary_large_image\" \/>\n<script type=\"application\/ld+json\" class=\"yoast-schema-graph\">{\"@context\":\"https:\/\/schema.org\",\"@graph\":[{\"@type\":\"WebPage\",\"@id\":\"https:\/\/sofraeariut.com\/our-place\/\",\"url\":\"https:\/\/sofraeariut.com\/our-place\/\",\"name\":\"Our Place - Sofra E Ariut\",\"isPartOf\":{\"@id\":\"https:\/\/sofraeariut.com\/#website\"},\"datePublished\":\"2023-12-15T14:17:54+00:00\",\"dateModified\":\"2024-05-20T10:24:58+00:00\",\"description\":\"Sofra E Ariut - Trash\u00ebgimia kulturore, tradita dhe lidhja e thell\u00eb me tok\u00ebn, jan\u00eb ato q\u00eb e karakterizojn\u00eb sofr\u00ebn shqiptare. P\u00ebrgatitja e gatimeve \u00ebsht\u00eb nj\u00eb rit i ngroht\u00eb, ku tradita nd\u00ebrthuret me risit\u00eb e modernes, duke sjell\u00eb cil\u00ebsi e shije n\u00eb pjat\u00ebn tuaj. P\u00ebr ne, ushqimi \u00ebsht\u00eb nj\u00eb m\u00ebnyr\u00eb p\u00ebr t\u00eb shprehur dashurin\u00eb dhe kujdesin p\u00ebr t\u00eb tjer\u00ebt, dhe n\u00eb tavolin\u00ebn e shtruar, \u00e7do vakt b\u00ebhet nj\u00eb ceremoni e lumturis\u00eb dhe shfaqje e mikpritjes shqiptare. Me date 1 Nentor 2021 Sofra e Ariut dhe dy restorantet krah saj u b\u00ebn\u00eb pjes\u00eb e \\\"Bami Holding\u201d. Me vizionin p\u00ebr nd\u00ebrtimin e nj\u00eb kompleksi restorantesh, ku antikiteti me t\u00eb tashmen t\u00eb b\u00ebhen nj\u00eb, p\u00ebr t\u00eb sjelle tek familja jone e madhe shqipetaret e te gjithe trojeve dhe miq nga e gjithe bota. Hijerende dhe Krenare, me dyert e saj gjithmone te hapura do ju mireprese, ushimi, ngrohtesia e oxhakut, vera e destiluar dhe sherbimi fisnik qe meriton nje sofer e shtruar.\",\"breadcrumb\":{\"@id\":\"https:\/\/sofraeariut.com\/our-place\/#breadcrumb\"},\"inLanguage\":\"en-US\",\"potentialAction\":[{\"@type\":\"ReadAction\",\"target\":[\"https:\/\/sofraeariut.com\/our-place\/\"]}]},{\"@type\":\"BreadcrumbList\",\"@id\":\"https:\/\/sofraeariut.com\/our-place\/#breadcrumb\",\"itemListElement\":[{\"@type\":\"ListItem\",\"position\":1,\"name\":\"Home\",\"item\":\"https:\/\/sofraeariut.com\/\"},{\"@type\":\"ListItem\",\"position\":2,\"name\":\"Our Place\"}]},{\"@type\":\"WebSite\",\"@id\":\"https:\/\/sofraeariut.com\/#website\",\"url\":\"https:\/\/sofraeariut.com\/\",\"name\":\"Sofra E Ariut\",\"description\":\"\",\"alternateName\":\"sofra e ariut\",\"potentialAction\":[{\"@type\":\"SearchAction\",\"target\":{\"@type\":\"EntryPoint\",\"urlTemplate\":\"https:\/\/sofraeariut.com\/?s={search_term_string}\"},\"query-input\":{\"@type\":\"PropertyValueSpecification\",\"valueRequired\":true,\"valueName\":\"search_term_string\"}}],\"inLanguage\":\"en-US\"}]}<\/script>\n<!-- \/ Yoast SEO plugin. -->","yoast_head_json":{"title":"Our Place - Sofra E Ariut","description":"Sofra E Ariut - Trash\u00ebgimia kulturore, tradita dhe lidhja e thell\u00eb me tok\u00ebn, jan\u00eb ato q\u00eb e karakterizojn\u00eb sofr\u00ebn shqiptare. P\u00ebrgatitja e gatimeve \u00ebsht\u00eb nj\u00eb rit i ngroht\u00eb, ku tradita nd\u00ebrthuret me risit\u00eb e modernes, duke sjell\u00eb cil\u00ebsi e shije n\u00eb pjat\u00ebn tuaj. P\u00ebr ne, ushqimi \u00ebsht\u00eb nj\u00eb m\u00ebnyr\u00eb p\u00ebr t\u00eb shprehur dashurin\u00eb dhe kujdesin p\u00ebr t\u00eb tjer\u00ebt, dhe n\u00eb tavolin\u00ebn e shtruar, \u00e7do vakt b\u00ebhet nj\u00eb ceremoni e lumturis\u00eb dhe shfaqje e mikpritjes shqiptare.  Me date 1 Nentor 2021 Sofra e Ariut dhe dy restorantet krah saj u b\u00ebn\u00eb pjes\u00eb e \"Bami Holding\u201d. Me vizionin p\u00ebr nd\u00ebrtimin e nj\u00eb kompleksi restorantesh, ku antikiteti me t\u00eb tashmen t\u00eb b\u00ebhen nj\u00eb, p\u00ebr t\u00eb sjelle tek familja jone e madhe shqipetaret e te gjithe trojeve dhe miq nga e gjithe bota. Hijerende dhe Krenare, me dyert e saj gjithmone te hapura do ju mireprese, ushimi, ngrohtesia e oxhakut, vera e destiluar dhe sherbimi fisnik qe meriton nje sofer e shtruar.","robots":{"index":"index","follow":"follow","max-snippet":"max-snippet:-1","max-image-preview":"max-image-preview:large","max-video-preview":"max-video-preview:-1"},"canonical":"https:\/\/sofraeariut.com\/en\/our-place\/","og_locale":"en_US","og_type":"article","og_title":"Our Place - Sofra E Ariut","og_description":"Sofra E Ariut - Trash\u00ebgimia kulturore, tradita dhe lidhja e thell\u00eb me tok\u00ebn, jan\u00eb ato q\u00eb e karakterizojn\u00eb sofr\u00ebn shqiptare. P\u00ebrgatitja e gatimeve \u00ebsht\u00eb nj\u00eb rit i ngroht\u00eb, ku tradita nd\u00ebrthuret me risit\u00eb e modernes, duke sjell\u00eb cil\u00ebsi e shije n\u00eb pjat\u00ebn tuaj. P\u00ebr ne, ushqimi \u00ebsht\u00eb nj\u00eb m\u00ebnyr\u00eb p\u00ebr t\u00eb shprehur dashurin\u00eb dhe kujdesin p\u00ebr t\u00eb tjer\u00ebt, dhe n\u00eb tavolin\u00ebn e shtruar, \u00e7do vakt b\u00ebhet nj\u00eb ceremoni e lumturis\u00eb dhe shfaqje e mikpritjes shqiptare.  Me date 1 Nentor 2021 Sofra e Ariut dhe dy restorantet krah saj u b\u00ebn\u00eb pjes\u00eb e \"Bami Holding\u201d. Me vizionin p\u00ebr nd\u00ebrtimin e nj\u00eb kompleksi restorantesh, ku antikiteti me t\u00eb tashmen t\u00eb b\u00ebhen nj\u00eb, p\u00ebr t\u00eb sjelle tek familja jone e madhe shqipetaret e te gjithe trojeve dhe miq nga e gjithe bota. Hijerende dhe Krenare, me dyert e saj gjithmone te hapura do ju mireprese, ushimi, ngrohtesia e oxhakut, vera e destiluar dhe sherbimi fisnik qe meriton nje sofer e shtruar.","og_url":"https:\/\/sofraeariut.com\/en\/our-place\/","og_site_name":"Sofra E Ariut","article_modified_time":"2024-05-20T10:24:58+00:00","twitter_card":"summary_large_image","schema":{"@context":"https:\/\/schema.org","@graph":[{"@type":"WebPage","@id":"https:\/\/sofraeariut.com\/our-place\/","url":"https:\/\/sofraeariut.com\/our-place\/","name":"Our Place - Sofra E Ariut","isPartOf":{"@id":"https:\/\/sofraeariut.com\/#website"},"datePublished":"2023-12-15T14:17:54+00:00","dateModified":"2024-05-20T10:24:58+00:00","description":"Sofra E Ariut - Trash\u00ebgimia kulturore, tradita dhe lidhja e thell\u00eb me tok\u00ebn, jan\u00eb ato q\u00eb e karakterizojn\u00eb sofr\u00ebn shqiptare. P\u00ebrgatitja e gatimeve \u00ebsht\u00eb nj\u00eb rit i ngroht\u00eb, ku tradita nd\u00ebrthuret me risit\u00eb e modernes, duke sjell\u00eb cil\u00ebsi e shije n\u00eb pjat\u00ebn tuaj. P\u00ebr ne, ushqimi \u00ebsht\u00eb nj\u00eb m\u00ebnyr\u00eb p\u00ebr t\u00eb shprehur dashurin\u00eb dhe kujdesin p\u00ebr t\u00eb tjer\u00ebt, dhe n\u00eb tavolin\u00ebn e shtruar, \u00e7do vakt b\u00ebhet nj\u00eb ceremoni e lumturis\u00eb dhe shfaqje e mikpritjes shqiptare. Me date 1 Nentor 2021 Sofra e Ariut dhe dy restorantet krah saj u b\u00ebn\u00eb pjes\u00eb e \"Bami Holding\u201d. Me vizionin p\u00ebr nd\u00ebrtimin e nj\u00eb kompleksi restorantesh, ku antikiteti me t\u00eb tashmen t\u00eb b\u00ebhen nj\u00eb, p\u00ebr t\u00eb sjelle tek familja jone e madhe shqipetaret e te gjithe trojeve dhe miq nga e gjithe bota. Hijerende dhe Krenare, me dyert e saj gjithmone te hapura do ju mireprese, ushimi, ngrohtesia e oxhakut, vera e destiluar dhe sherbimi fisnik qe meriton nje sofer e shtruar.","breadcrumb":{"@id":"https:\/\/sofraeariut.com\/our-place\/#breadcrumb"},"inLanguage":"en-US","potentialAction":[{"@type":"ReadAction","target":["https:\/\/sofraeariut.com\/our-place\/"]}]},{"@type":"BreadcrumbList","@id":"https:\/\/sofraeariut.com\/our-place\/#breadcrumb","itemListElement":[{"@type":"ListItem","position":1,"name":"Home","item":"https:\/\/sofraeariut.com\/"},{"@type":"ListItem","position":2,"name":"Our Place"}]},{"@type":"WebSite","@id":"https:\/\/sofraeariut.com\/#website","url":"https:\/\/sofraeariut.com\/","name":"Sofra E Ariut","description":"","alternateName":"sofra e ariut","potentialAction":[{"@type":"SearchAction","target":{"@type":"EntryPoint","urlTemplate":"https:\/\/sofraeariut.com\/?s={search_term_string}"},"query-input":{"@type":"PropertyValueSpecification","valueRequired":true,"valueName":"search_term_string"}}],"inLanguage":"en-US"}]}},"_links":{"self":[{"href":"https:\/\/sofraeariut.com\/en\/wp-json\/wp\/v2\/pages\/60","targetHints":{"allow":["GET"]}}],"collection":[{"href":"https:\/\/sofraeariut.com\/en\/wp-json\/wp\/v2\/pages"}],"about":[{"href":"https:\/\/sofraeariut.com\/en\/wp-json\/wp\/v2\/types\/page"}],"author":[{"embeddable":true,"href":"https:\/\/sofraeariut.com\/en\/wp-json\/wp\/v2\/users\/1"}],"replies":[{"embeddable":true,"href":"https:\/\/sofraeariut.com\/en\/wp-json\/wp\/v2\/comments?post=60"}],"version-history":[{"count":50,"href":"https:\/\/sofraeariut.com\/en\/wp-json\/wp\/v2\/pages\/60\/revisions"}],"predecessor-version":[{"id":641,"href":"https:\/\/sofraeariut.com\/en\/wp-json\/wp\/v2\/pages\/60\/revisions\/641"}],"wp:attachment":[{"href":"https:\/\/sofraeariut.com\/en\/wp-json\/wp\/v2\/media?parent=60"}],"curies":[{"name":"wp","href":"https:\/\/api.w.org\/{rel}","templated":true}]}}